{"id":699,"date":"2024-03-29T14:47:32","date_gmt":"2024-03-29T13:47:32","guid":{"rendered":"https:\/\/senior-ermeto.fr\/legal-information\/"},"modified":"2025-11-27T17:47:24","modified_gmt":"2025-11-27T16:47:24","slug":"legal-information","status":"publish","type":"page","link":"https:\/\/senior-ermeto.fr\/en\/legal-information\/","title":{"rendered":"Legal information"},"content":{"rendered":"<div class=\"wpb-content-wrapper\"><p>[vc_row][vc_column]\n\t\t\t<!-- START Presentation REVOLUTION SLIDER 6.4.4 --><p class=\"rs-p-wp-fix\"><\/p>\n\t\t\t<rs-module-wrap id=\"rev_slider_3_1_wrapper\" data-source=\"gallery\" style=\"background:transparent;padding:0;margin:0px auto;margin-top:0;margin-bottom:0;\">\n\t\t\t\t<rs-module id=\"rev_slider_3_1\" style=\"\" data-version=\"6.4.4\">\n\t\t\t\t\t<rs-slides>\n\t\t\t\t\t\t<rs-slide data-key=\"rs-7\" data-title=\"Slide\" data-in=\"o:0;\" data-out=\"a:false;\">\n\t\t\t\t\t\t\t<img loading=\"lazy\" decoding=\"async\" src=\"\/\/prodcc.fr\/ermeto\/wp-content\/uploads\/2024\/03\/1-slider-presentation-ermeto-3.jpg\" title=\"slider-presentation-ermeto-3\" width=\"2400\" height=\"1079\" class=\"rev-slidebg tp-rs-img\" data-panzoom=\"d:10000;ss:100;se:120%;\" data-no-retina>\n<!--\n\t\t\t\t\t\t\t--><rs-layer\n\t\t\t\t\t\t\t\tid=\"slider-3-slide-7-layer-1\" \n\t\t\t\t\t\t\t\tdata-type=\"shape\"\n\t\t\t\t\t\t\t\tdata-rsp_ch=\"on\"\n\t\t\t\t\t\t\t\tdata-text=\"w:normal;\"\n\t\t\t\t\t\t\t\tdata-dim=\"w:100%;h:100%;\"\n\t\t\t\t\t\t\t\tdata-basealign=\"slide\"\n\t\t\t\t\t\t\t\tdata-frame_999=\"o:0;st:w;\"\n\t\t\t\t\t\t\t\tstyle=\"z-index:8;background-color:rgba(0,0,0,0.2);\"\n\t\t\t\t\t\t\t> \n\t\t\t\t\t\t\t<\/rs-layer><!--\n-->\t\t\t\t\t\t<\/rs-slide>\n\t\t\t\t\t\t<rs-slide data-key=\"rs-9\" data-title=\"Slide\" data-in=\"o:0;\" data-out=\"a:false;\">\n\t\t\t\t\t\t\t<img loading=\"lazy\" decoding=\"async\" src=\"\/\/prodcc.fr\/ermeto\/wp-content\/uploads\/2024\/03\/1-slider-presentation-ermeto-2.jpg\" title=\"slider-presentation-ermeto-2\" width=\"2400\" height=\"1601\" class=\"rev-slidebg tp-rs-img\" data-panzoom=\"d:10000;ss:100;se:120%;\" data-no-retina>\n<!--\n\t\t\t\t\t\t\t--><rs-layer\n\t\t\t\t\t\t\t\tid=\"slider-3-slide-9-layer-2\" \n\t\t\t\t\t\t\t\tdata-type=\"shape\"\n\t\t\t\t\t\t\t\tdata-rsp_ch=\"on\"\n\t\t\t\t\t\t\t\tdata-text=\"w:normal;\"\n\t\t\t\t\t\t\t\tdata-dim=\"w:100%;h:100%;\"\n\t\t\t\t\t\t\t\tdata-basealign=\"slide\"\n\t\t\t\t\t\t\t\tdata-frame_999=\"o:0;st:w;\"\n\t\t\t\t\t\t\t\tstyle=\"z-index:5;background-color:rgba(0,0,0,0.2);\"\n\t\t\t\t\t\t\t> \n\t\t\t\t\t\t\t<\/rs-layer><!--\n-->\t\t\t\t\t\t<\/rs-slide>\n\t\t\t\t\t\t<rs-slide data-key=\"rs-10\" data-title=\"Slide\" data-in=\"o:0;\" data-out=\"a:false;\">\n\t\t\t\t\t\t\t<img loading=\"lazy\" decoding=\"async\" src=\"\/\/prodcc.fr\/ermeto\/wp-content\/uploads\/2024\/03\/1-slider-presentation-ermeto-1.jpg\" title=\"slider-presentation-ermeto-1\" width=\"2400\" height=\"1600\" class=\"rev-slidebg tp-rs-img\" data-panzoom=\"d:10000;ss:100;se:120%;\" data-no-retina>\n<!--\n\t\t\t\t\t\t\t--><rs-layer\n\t\t\t\t\t\t\t\tid=\"slider-3-slide-10-layer-4\" \n\t\t\t\t\t\t\t\tdata-type=\"shape\"\n\t\t\t\t\t\t\t\tdata-rsp_ch=\"on\"\n\t\t\t\t\t\t\t\tdata-text=\"w:normal;\"\n\t\t\t\t\t\t\t\tdata-dim=\"w:100%;h:100%;\"\n\t\t\t\t\t\t\t\tdata-basealign=\"slide\"\n\t\t\t\t\t\t\t\tdata-frame_999=\"o:0;st:w;\"\n\t\t\t\t\t\t\t\tstyle=\"z-index:5;background-color:rgba(0,0,0,0.2);\"\n\t\t\t\t\t\t\t> \n\t\t\t\t\t\t\t<\/rs-layer><!--\n-->\t\t\t\t\t\t<\/rs-slide>\n\t\t\t\t\t\t<rs-slide data-key=\"rs-11\" data-title=\"Slide\" data-in=\"o:0;\" data-out=\"a:false;\">\n\t\t\t\t\t\t\t<img loading=\"lazy\" decoding=\"async\" src=\"\/\/prodcc.fr\/ermeto\/wp-content\/uploads\/2024\/03\/1-slider-presentation-ermeto-4.jpg\" title=\"slider-presentation-ermeto-4\" width=\"2400\" height=\"1601\" class=\"rev-slidebg tp-rs-img\" data-panzoom=\"d:10000;ss:100;se:120%;\" data-no-retina>\n<!--\n\t\t\t\t\t\t\t--><rs-layer\n\t\t\t\t\t\t\t\tid=\"slider-3-slide-11-layer-5\" \n\t\t\t\t\t\t\t\tdata-type=\"shape\"\n\t\t\t\t\t\t\t\tdata-rsp_ch=\"on\"\n\t\t\t\t\t\t\t\tdata-text=\"w:normal;\"\n\t\t\t\t\t\t\t\tdata-dim=\"w:100%;h:100%;\"\n\t\t\t\t\t\t\t\tdata-basealign=\"slide\"\n\t\t\t\t\t\t\t\tdata-frame_999=\"o:0;st:w;\"\n\t\t\t\t\t\t\t\tstyle=\"z-index:5;background-color:rgba(0,0,0,0.2);\"\n\t\t\t\t\t\t\t> \n\t\t\t\t\t\t\t<\/rs-layer><!--\n-->\t\t\t\t\t\t<\/rs-slide>\n\t\t\t\t\t<\/rs-slides>\n\t\t\t\t<\/rs-module>\n\t\t\t\t<script type=\"text\/javascript\">\n\t\t\t\t\tsetREVStartSize({c: 'rev_slider_3_1',rl:[1240,1024,778,480],el:[640],gw:[1240],gh:[640],type:'standard',justify:'',layout:'fullwidth',mh:\"0\"});\n\t\t\t\t\tvar\trevapi3,\n\t\t\t\t\t\ttpj;\n\t\t\t\t\tfunction revinit_revslider31() {\n\t\t\t\t\tjQuery(function() {\n\t\t\t\t\t\ttpj = jQuery;\n\t\t\t\t\t\trevapi3 = tpj(\"#rev_slider_3_1\");\n\t\t\t\t\t\tif(revapi3==undefined || revapi3.revolution == undefined){\n\t\t\t\t\t\t\trevslider_showDoubleJqueryError(\"rev_slider_3_1\");\n\t\t\t\t\t\t}else{\n\t\t\t\t\t\t\trevapi3.revolution({\n\t\t\t\t\t\t\t\tsliderLayout:\"fullwidth\",\n\t\t\t\t\t\t\t\tduration:\"4000ms\",\n\t\t\t\t\t\t\t\tvisibilityLevels:\"1240,1024,778,480\",\n\t\t\t\t\t\t\t\tgridwidth:1240,\n\t\t\t\t\t\t\t\tgridheight:640,\n\t\t\t\t\t\t\t\tperspective:600,\n\t\t\t\t\t\t\t\tperspectiveType:\"global\",\n\t\t\t\t\t\t\t\teditorheight:\"640,768,960,720\",\n\t\t\t\t\t\t\t\tresponsiveLevels:\"1240,1024,778,480\",\n\t\t\t\t\t\t\t\tprogressBar:{disableProgressBar:true},\n\t\t\t\t\t\t\t\tnavigation: {\n\t\t\t\t\t\t\t\t\tonHoverStop:false\n\t\t\t\t\t\t\t\t},\n\t\t\t\t\t\t\t\tfallbacks: {\n\t\t\t\t\t\t\t\t\tallowHTML5AutoPlayOnAndroid:true\n\t\t\t\t\t\t\t\t},\n\t\t\t\t\t\t\t});\n\t\t\t\t\t\t}\n\t\t\t\t\t\t\n\t\t\t\t\t});\n\t\t\t\t\t} \/\/ End of RevInitScript\n\t\t\t\tvar once_revslider31 = false;\n\t\t\t\tif (document.readyState === \"loading\") {document.addEventListener('readystatechange',function() { if((document.readyState === \"interactive\" || document.readyState === \"complete\") && !once_revslider31 ) { once_revslider31 = true; revinit_revslider31();}});} else {once_revslider31 = true; revinit_revslider31();}\n\t\t\t\t<\/script>\n\t\t\t<\/rs-module-wrap>\n\t\t\t<!-- END REVOLUTION SLIDER -->\n[\/vc_column][\/vc_row][vc_row el_class=&#8221;mentions-legales&#8221;][vc_column][vc_column_text]<\/p>\n<h1>Mentions l\u00e9gales<\/h1>\n<p>[\/vc_column_text][vc_column_text]<strong>En vertu de l\u2019article 6 de la loi n\u00b0 2004-575 du 21 juin 2004 pour la confiance dans l\u2019\u00e9conomie num\u00e9rique, il est pr\u00e9cis\u00e9 aux utilisateurs du site www.senior-ermeto.fr l\u2019identit\u00e9 des diff\u00e9rents intervenants dans le cadre de sa r\u00e9alisation et de son suivi.<\/strong>[\/vc_column_text][vc_column_text]<\/p>\n<h3>PROPRI\u00c9TAIRE ET\/OU \u00c9DITEUR<\/h3>\n<p>Propri\u00e9taire et\/ou \u00e9diteur du site : SENIOR AEROSPACE ERMETO<br \/>\nAdresse \u00e9diteur : 8 rue du clos Thomas, 41330 FOSSE<br \/>\nNum\u00e9ro de t\u00e9l\u00e9phone : 02 54 33 50 60<br \/>\nResponsable publication : SENIOR AEROSPACE ERMETO<br \/>\nMail responsable publication : aplessy@seniorermeto.com<\/p>\n<h3>R\u00c9ALISATION-D\u00c9VELOPPEMENT<\/h3>\n<p>Responsable de la r\u00e9alisation du site : CULTURE COM\u2019<br \/>\nNum\u00e9ro de t\u00e9l\u00e9phone : 02 54 46 39 35<br \/>\nMail webmaster : web@culture-com.fr<br \/>\nSite de l\u2019agence : www.culture-com.fr<\/p>\n<h3>H\u00c9BERGEUR DU SITE<\/h3>\n<p>Responsable de l\u2019h\u00e9bergement du site : MISE SUR ORBITE<br \/>\nAdresse h\u00e9bergeur : Les Breuzards 18140 HERRY<br \/>\nNum\u00e9ro de t\u00e9l\u00e9phone : 02 18 81 01 33<br \/>\nMail h\u00e9bergeur : contact@misesurorbite.fr<\/p>\n<h3>ACC\u00c8S AU SITE<\/h3>\n<p>Le site www.senior-ermeto.fr est accessible \u00e0 l\u2019utilisateur 24h\/ 24, 7j\/7 sauf pr\u00e9cisions contraires. La responsabilit\u00e9 de SENIOR AEROSPACE ERMETO ne peut \u00eatre engag\u00e9e en raison d\u2019une indisponibilit\u00e9 technique de la connexion, qu\u2019elle soit due notamment \u00e0 un cas de force majeure, \u00e0 une maintenance, \u00e0 une mise \u00e0 jour, \u00e0 une modification du site, \u00e0 une intervention de l\u2019h\u00e9bergeur, \u00e0 une gr\u00e8ve interne ou externe, \u00e0 une panne de r\u00e9seau, \u00e0 une coupure d\u2019alimentation \u00e9lectrique, ou encore \u00e0 une mauvaise configuration ou utilisation de l\u2019ordinateur de l\u2019utilisateur.<\/p>\n<h3>VALIDIT\u00c9 DES INFORMATIONS FOURNIES<\/h3>\n<p>Dans l\u2019hypoth\u00e8se o\u00f9 l\u2019utilisateur serait amen\u00e9 \u00e0 fournir des informations, il s\u2019engage \u00e0 :<\/p>\n<ul>\n<li>d\u00e9livrer des informations r\u00e9elles, exactes, \u00e0 jour au moment de leur saisie dans le formulaire d\u2019inscription du service, et notamment \u00e0 ne pas utiliser de faux noms ou adresses, ou encore des noms ou adresses sans y \u00eatre autoris\u00e9<\/li>\n<li>maintenir \u00e0 jour les donn\u00e9es d\u2019inscriptions en vue de garantir en permanence leur caract\u00e8re r\u00e9el, exact et \u00e0 jour<\/li>\n<li>ne pas rendre disponible ou distribuer des informations ill\u00e9gales, r\u00e9pr\u00e9hensibles (telles que des informations diffamatoires ou obsc\u00e8nes) ou encore nuisibles (telles que les virus)<\/li>\n<\/ul>\n<p>En cas de violation de ces dispositions, SENIOR AEROSPACE sera en mesure de suspendre ou de r\u00e9silier l\u2019acc\u00e8s de l\u2019utilisateur aux services \u00e0 ses torts exclusifs.<\/p>\n<h3>LIENS HYPERTEXTE<\/h3>\n<p>Tout webmaster qui souhaiterait \u00e9tablir un lien \u00e0 partir de son site vers le site www.senior-ermeto.fr est tenu d\u2019obtenir une autorisation expresse pr\u00e9alable en la sollicitant \u00e0 l\u2019adresse \u00e9lectronique. En tout \u00e9tat de cause, le webmaster qui cr\u00e9erait un lien hypertexte s\u2019engage \u00e0 ne pas utiliser la technique du lien profond (\u00ab deep linking \u00bb), technique selon laquelle les pages du site www.senior-ermeto.fr sont imbriqu\u00e9es \u00e0 l\u2019int\u00e9rieur des pages du site du webmaster.<\/p>\n<p>L\u2019utilisateur qui serait redirig\u00e9 vers une tierce page Internet par l\u2019interm\u00e9diaire d\u2019un lien hypertexte figurant sur le site www.senior-ermeto.fr reconna\u00eet que SENIOR AEROSPACE ne ma\u00eetrise pas le contenu des sites de redirection. En cons\u00e9quence, SENIOR AEROSPACE ERMETO ne pourra en aucun cas \u00eatre tenue responsable d\u2019\u00e9ventuels dommages directs ou indirects du fait de l\u2019utilisation de sites accessibles via les liens hypertextes contenus sur le site www.senior-ermeto.fr.[\/vc_column_text][\/vc_column][\/vc_row]<\/p>\n<\/div>","protected":false},"excerpt":{"rendered":"<p>[vc_row][vc_column][\/vc_column][\/vc_row][vc_row el_class=&#8221;mentions-legales&#8221;][vc_column][vc_column_text] Mentions l\u00e9gales [\/vc_column_text][vc_column_text]En vertu de l\u2019article 6 de la loi n\u00b0 2004-575 du 21 juin 2004 pour la confiance dans l\u2019\u00e9conomie num\u00e9rique, il est pr\u00e9cis\u00e9 aux utilisateurs du site www.senior-ermeto.fr l\u2019identit\u00e9 des diff\u00e9rents intervenants dans le cadre de sa r\u00e9alisation et de son suivi.[\/vc_column_text][vc_column_text] PROPRI\u00c9TAIRE ET\/OU \u00c9DITEUR Propri\u00e9taire et\/ou \u00e9diteur du site : [&hellip;]<\/p>\n","protected":false},"author":1,"featured_media":0,"parent":0,"menu_order":0,"comment_status":"closed","ping_status":"closed","template":"","meta":{"footnotes":""},"class_list":["post-699","page","type-page","status-publish","hentry"],"acf":[],"yoast_head":"<!-- This site is optimized with the Yoast SEO plugin v23.2 - https:\/\/yoast.com\/wordpress\/plugins\/seo\/ -->\n<title>Legal information - Senior Aerospace Ermeto<\/title>\n<meta name=\"robots\" content=\"index, follow, max-snippet:-1, max-image-preview:large, max-video-preview:-1\" \/>\n<link rel=\"canonical\" href=\"https:\/\/senior-ermeto.fr\/mentions-legales\/\" \/>\n<meta property=\"og:locale\" content=\"en_US\" \/>\n<meta property=\"og:type\" content=\"article\" \/>\n<meta property=\"og:title\" content=\"Legal information - Senior Aerospace Ermeto\" \/>\n<meta property=\"og:description\" content=\"[vc_row][vc_column][\/vc_column][\/vc_row][vc_row el_class=&#8221;mentions-legales&#8221;][vc_column][vc_column_text] Mentions l\u00e9gales [\/vc_column_text][vc_column_text]En vertu de l\u2019article 6 de la loi n\u00b0 2004-575 du 21 juin 2004 pour la confiance dans l\u2019\u00e9conomie num\u00e9rique, il est pr\u00e9cis\u00e9 aux utilisateurs du site www.senior-ermeto.fr l\u2019identit\u00e9 des diff\u00e9rents intervenants dans le cadre de sa r\u00e9alisation et de son suivi.[\/vc_column_text][vc_column_text] PROPRI\u00c9TAIRE ET\/OU \u00c9DITEUR Propri\u00e9taire et\/ou \u00e9diteur du site : [&hellip;]\" \/>\n<meta property=\"og:url\" content=\"https:\/\/senior-ermeto.fr\/mentions-legales\/\" \/>\n<meta property=\"og:site_name\" content=\"Senior Aerospace Ermeto\" \/>\n<meta property=\"article:modified_time\" content=\"2025-11-27T16:47:24+00:00\" \/>\n<meta name=\"twitter:card\" content=\"summary_large_image\" \/>\n<meta name=\"twitter:label1\" content=\"Est. reading time\" \/>\n\t<meta name=\"twitter:data1\" content=\"3 minutes\" \/>\n<script type=\"application\/ld+json\" class=\"yoast-schema-graph\">{\"@context\":\"https:\/\/schema.org\",\"@graph\":[{\"@type\":\"WebPage\",\"@id\":\"https:\/\/senior-ermeto.fr\/mentions-legales\/\",\"url\":\"https:\/\/senior-ermeto.fr\/mentions-legales\/\",\"name\":\"Legal information - Senior Aerospace Ermeto\",\"isPartOf\":{\"@id\":\"https:\/\/senior-ermeto.fr\/#website\"},\"datePublished\":\"2024-03-29T13:47:32+00:00\",\"dateModified\":\"2025-11-27T16:47:24+00:00\",\"breadcrumb\":{\"@id\":\"https:\/\/senior-ermeto.fr\/mentions-legales\/#breadcrumb\"},\"inLanguage\":\"en-US\",\"potentialAction\":[{\"@type\":\"ReadAction\",\"target\":[\"https:\/\/senior-ermeto.fr\/mentions-legales\/\"]}]},{\"@type\":\"BreadcrumbList\",\"@id\":\"https:\/\/senior-ermeto.fr\/mentions-legales\/#breadcrumb\",\"itemListElement\":[{\"@type\":\"ListItem\",\"position\":1,\"name\":\"Accueil\",\"item\":\"https:\/\/senior-ermeto.fr\/en\/\"},{\"@type\":\"ListItem\",\"position\":2,\"name\":\"Legal information\"}]},{\"@type\":\"WebSite\",\"@id\":\"https:\/\/senior-ermeto.fr\/#website\",\"url\":\"https:\/\/senior-ermeto.fr\/\",\"name\":\"Senior Aerospace Ermeto\",\"description\":\"\",\"publisher\":{\"@id\":\"https:\/\/senior-ermeto.fr\/#organization\"},\"potentialAction\":[{\"@type\":\"SearchAction\",\"target\":{\"@type\":\"EntryPoint\",\"urlTemplate\":\"https:\/\/senior-ermeto.fr\/?s={search_term_string}\"},\"query-input\":\"required name=search_term_string\"}],\"inLanguage\":\"en-US\"},{\"@type\":\"Organization\",\"@id\":\"https:\/\/senior-ermeto.fr\/#organization\",\"name\":\"Senior Aerospace Ermeto\",\"url\":\"https:\/\/senior-ermeto.fr\/\",\"logo\":{\"@type\":\"ImageObject\",\"inLanguage\":\"en-US\",\"@id\":\"https:\/\/senior-ermeto.fr\/#\/schema\/logo\/image\/\",\"url\":\"https:\/\/senior-ermeto.fr\/wp-content\/uploads\/2023\/04\/logo-senior-aerospace-ermeto.svg\",\"contentUrl\":\"https:\/\/senior-ermeto.fr\/wp-content\/uploads\/2023\/04\/logo-senior-aerospace-ermeto.svg\",\"width\":\"1024\",\"height\":\"1024\",\"caption\":\"Senior Aerospace Ermeto\"},\"image\":{\"@id\":\"https:\/\/senior-ermeto.fr\/#\/schema\/logo\/image\/\"}}]}<\/script>\n<!-- \/ Yoast SEO plugin. -->","yoast_head_json":{"title":"Legal information - Senior Aerospace Ermeto","robots":{"index":"index","follow":"follow","max-snippet":"max-snippet:-1","max-image-preview":"max-image-preview:large","max-video-preview":"max-video-preview:-1"},"canonical":"https:\/\/senior-ermeto.fr\/mentions-legales\/","og_locale":"en_US","og_type":"article","og_title":"Legal information - Senior Aerospace Ermeto","og_description":"[vc_row][vc_column][\/vc_column][\/vc_row][vc_row el_class=&#8221;mentions-legales&#8221;][vc_column][vc_column_text] Mentions l\u00e9gales [\/vc_column_text][vc_column_text]En vertu de l\u2019article 6 de la loi n\u00b0 2004-575 du 21 juin 2004 pour la confiance dans l\u2019\u00e9conomie num\u00e9rique, il est pr\u00e9cis\u00e9 aux utilisateurs du site www.senior-ermeto.fr l\u2019identit\u00e9 des diff\u00e9rents intervenants dans le cadre de sa r\u00e9alisation et de son suivi.[\/vc_column_text][vc_column_text] PROPRI\u00c9TAIRE ET\/OU \u00c9DITEUR Propri\u00e9taire et\/ou \u00e9diteur du site : [&hellip;]","og_url":"https:\/\/senior-ermeto.fr\/mentions-legales\/","og_site_name":"Senior Aerospace Ermeto","article_modified_time":"2025-11-27T16:47:24+00:00","twitter_card":"summary_large_image","twitter_misc":{"Est. reading time":"3 minutes"},"schema":{"@context":"https:\/\/schema.org","@graph":[{"@type":"WebPage","@id":"https:\/\/senior-ermeto.fr\/mentions-legales\/","url":"https:\/\/senior-ermeto.fr\/mentions-legales\/","name":"Legal information - Senior Aerospace Ermeto","isPartOf":{"@id":"https:\/\/senior-ermeto.fr\/#website"},"datePublished":"2024-03-29T13:47:32+00:00","dateModified":"2025-11-27T16:47:24+00:00","breadcrumb":{"@id":"https:\/\/senior-ermeto.fr\/mentions-legales\/#breadcrumb"},"inLanguage":"en-US","potentialAction":[{"@type":"ReadAction","target":["https:\/\/senior-ermeto.fr\/mentions-legales\/"]}]},{"@type":"BreadcrumbList","@id":"https:\/\/senior-ermeto.fr\/mentions-legales\/#breadcrumb","itemListElement":[{"@type":"ListItem","position":1,"name":"Accueil","item":"https:\/\/senior-ermeto.fr\/en\/"},{"@type":"ListItem","position":2,"name":"Legal information"}]},{"@type":"WebSite","@id":"https:\/\/senior-ermeto.fr\/#website","url":"https:\/\/senior-ermeto.fr\/","name":"Senior Aerospace Ermeto","description":"","publisher":{"@id":"https:\/\/senior-ermeto.fr\/#organization"},"potentialAction":[{"@type":"SearchAction","target":{"@type":"EntryPoint","urlTemplate":"https:\/\/senior-ermeto.fr\/?s={search_term_string}"},"query-input":"required name=search_term_string"}],"inLanguage":"en-US"},{"@type":"Organization","@id":"https:\/\/senior-ermeto.fr\/#organization","name":"Senior Aerospace Ermeto","url":"https:\/\/senior-ermeto.fr\/","logo":{"@type":"ImageObject","inLanguage":"en-US","@id":"https:\/\/senior-ermeto.fr\/#\/schema\/logo\/image\/","url":"https:\/\/senior-ermeto.fr\/wp-content\/uploads\/2023\/04\/logo-senior-aerospace-ermeto.svg","contentUrl":"https:\/\/senior-ermeto.fr\/wp-content\/uploads\/2023\/04\/logo-senior-aerospace-ermeto.svg","width":"1024","height":"1024","caption":"Senior Aerospace Ermeto"},"image":{"@id":"https:\/\/senior-ermeto.fr\/#\/schema\/logo\/image\/"}}]}},"_links":{"self":[{"href":"https:\/\/senior-ermeto.fr\/en\/wp-json\/wp\/v2\/pages\/699","targetHints":{"allow":["GET"]}}],"collection":[{"href":"https:\/\/senior-ermeto.fr\/en\/wp-json\/wp\/v2\/pages"}],"about":[{"href":"https:\/\/senior-ermeto.fr\/en\/wp-json\/wp\/v2\/types\/page"}],"author":[{"embeddable":true,"href":"https:\/\/senior-ermeto.fr\/en\/wp-json\/wp\/v2\/users\/1"}],"replies":[{"embeddable":true,"href":"https:\/\/senior-ermeto.fr\/en\/wp-json\/wp\/v2\/comments?post=699"}],"version-history":[{"count":1,"href":"https:\/\/senior-ermeto.fr\/en\/wp-json\/wp\/v2\/pages\/699\/revisions"}],"predecessor-version":[{"id":700,"href":"https:\/\/senior-ermeto.fr\/en\/wp-json\/wp\/v2\/pages\/699\/revisions\/700"}],"wp:attachment":[{"href":"https:\/\/senior-ermeto.fr\/en\/wp-json\/wp\/v2\/media?parent=699"}],"curies":[{"name":"wp","href":"https:\/\/api.w.org\/{rel}","templated":true}]}}